{"id":2,"date":"2024-10-11T14:09:45","date_gmt":"2024-10-11T14:09:45","guid":{"rendered":"http:\/\/www.gimnazistai.jggimnazija.lt\/gim3\/?page_id=2"},"modified":"2024-10-25T10:17:58","modified_gmt":"2024-10-25T10:17:58","slug":"sample-page","status":"publish","type":"page","link":"http:\/\/www.gimnazistai.jggimnazija.lt\/gim3\/sample-page\/","title":{"rendered":"Apie mus"},"content":{"rendered":"\n<p>Augekka yra verslas, kurio specializacija yra vizualiai stulbinan\u010di\u0173 lauko erdvi\u0173 k\u016brimas. Teikiame plat\u0173 kra\u0161tovaizd\u017eio tvarkymo paslaug\u0173 spektr\u0105, kad \u012fgyvendintume j\u016bs\u0173 ap\u017eeldinimo projektus. M\u016bs\u0173 ekspert\u0173 komanda siekia sukurti gra\u017ei\u0105, nat\u016brali\u0105 aplink\u0105, kuri pagerint\u0173 m\u016bs\u0173 klient\u0173 lauko patirt\u012f. Taip pat si\u016blome 3D ir 2D vaizdus specialiai ap\u017eeldinimo projektams, padedan\u010dius savo klientams vizualizuoti galutin\u012f rezultat\u0105 dar prie\u0161 mums pradedant darbus. Susisiekite su mumis \u0161iandien ir su\u017einokite, kaip galime paversti j\u016bs\u0173 kra\u0161tovaizd\u017eio svajones realybe.<\/p>\n","protected":false},"excerpt":{"rendered":"<p>Augekka yra verslas, kurio specializacija yra vizualiai stulbinan\u010di\u0173 lauko erdvi\u0173 k\u016brimas. Teikiame plat\u0173 kra\u0161tovaizd\u017eio tvarkymo paslaug\u0173 spektr\u0105, kad \u012fgyvendintume j\u016bs\u0173 ap\u017eeldinimo projektus. M\u016bs\u0173 ekspert\u0173 komanda siekia sukurti gra\u017ei\u0105, nat\u016brali\u0105 aplink\u0105, kuri pagerint\u0173 m\u016bs\u0173 klient\u0173 lauko patirt\u012f. Taip pat si\u016blome 3D ir 2D vaizdus specialiai ap\u017eeldinimo projektams, padedan\u010dius savo klientams vizualizuoti galutin\u012f rezultat\u0105 dar prie\u0161 mums [&hellip;]<\/p>\n","protected":false},"author":1,"featured_media":0,"parent":0,"menu_order":0,"comment_status":"closed","ping_status":"open","template":"","meta":{"footnotes":""},"class_list":["post-2","page","type-page","status-publish","hentry"],"_links":{"self":[{"href":"http:\/\/www.gimnazistai.jggimnazija.lt\/gim3\/wp-json\/wp\/v2\/pages\/2"}],"collection":[{"href":"http:\/\/www.gimnazistai.jggimnazija.lt\/gim3\/wp-json\/wp\/v2\/pages"}],"about":[{"href":"http:\/\/www.gimnazistai.jggimnazija.lt\/gim3\/wp-json\/wp\/v2\/types\/page"}],"author":[{"embeddable":true,"href":"http:\/\/www.gimnazistai.jggimnazija.lt\/gim3\/wp-json\/wp\/v2\/users\/1"}],"replies":[{"embeddable":true,"href":"http:\/\/www.gimnazistai.jggimnazija.lt\/gim3\/wp-json\/wp\/v2\/comments?post=2"}],"version-history":[{"count":2,"href":"http:\/\/www.gimnazistai.jggimnazija.lt\/gim3\/wp-json\/wp\/v2\/pages\/2\/revisions"}],"predecessor-version":[{"id":27,"href":"http:\/\/www.gimnazistai.jggimnazija.lt\/gim3\/wp-json\/wp\/v2\/pages\/2\/revisions\/27"}],"wp:attachment":[{"href":"http:\/\/www.gimnazistai.jggimnazija.lt\/gim3\/wp-json\/wp\/v2\/media?parent=2"}],"curies":[{"name":"wp","href":"https:\/\/api.w.org\/{rel}","templated":true}]}}