{"id":2,"date":"2024-10-11T12:14:18","date_gmt":"2024-10-11T12:14:18","guid":{"rendered":"http:\/\/www.gimnazistai.jggimnazija.lt\/gim2\/?page_id=2"},"modified":"2024-10-11T13:43:05","modified_gmt":"2024-10-11T13:43:05","slug":"sample-page","status":"publish","type":"page","link":"http:\/\/www.gimnazistai.jggimnazija.lt\/gim2\/sample-page\/","title":{"rendered":"Receptai"},"content":{"rendered":"\n<p>Kop\u016bstai gali b\u016bti ne tik maistas, bet ir \u0161altinis juoko ir k\u016brybi\u0161kumo! Kiekvienas galime atrasti juoking\u0173 b\u016bd\u0173, kaip juos panaudoti, tad kod\u0117l gi ne? Svarbiausia \u2013 linksmintis ir nepamir\u0161ti, kad kop\u016bstai yra puiki proga pasijuokti!<\/p>\n\n\n\n<figure class=\"wp-block-gallery has-nested-images columns-default is-cropped wp-block-gallery-1 is-layout-flex wp-block-gallery-is-layout-flex\">\n<figure class=\"wp-block-image size-large\"><img loading=\"lazy\" decoding=\"async\" width=\"500\" height=\"500\" data-id=\"61\" src=\"http:\/\/www.gimnazistai.jggimnazija.lt\/gim2\/wp-content\/uploads\/2024\/10\/1725358657389-749aa13e3b66448287436fe76010fc02-goods.jpeg.webp\" alt=\"\" class=\"wp-image-61\" srcset=\"http:\/\/www.gimnazistai.jggimnazija.lt\/gim2\/wp-content\/uploads\/2024\/10\/1725358657389-749aa13e3b66448287436fe76010fc02-goods.jpeg.webp 500w, http:\/\/www.gimnazistai.jggimnazija.lt\/gim2\/wp-content\/uploads\/2024\/10\/1725358657389-749aa13e3b66448287436fe76010fc02-goods.jpeg-300x300.webp 300w, http:\/\/www.gimnazistai.jggimnazija.lt\/gim2\/wp-content\/uploads\/2024\/10\/1725358657389-749aa13e3b66448287436fe76010fc02-goods.jpeg-150x150.webp 150w\" sizes=\"(max-width: 500px) 100vw, 500px\" \/><\/figure>\n\n\n\n<figure class=\"wp-block-image size-large\"><img loading=\"lazy\" decoding=\"async\" width=\"220\" height=\"220\" data-id=\"59\" src=\"http:\/\/www.gimnazistai.jggimnazija.lt\/gim2\/wp-content\/uploads\/2024\/10\/kak-sdelat-zajca-i-krolika-iz-kapusty-13.jpg\" alt=\"\" class=\"wp-image-59\" srcset=\"http:\/\/www.gimnazistai.jggimnazija.lt\/gim2\/wp-content\/uploads\/2024\/10\/kak-sdelat-zajca-i-krolika-iz-kapusty-13.jpg 220w, http:\/\/www.gimnazistai.jggimnazija.lt\/gim2\/wp-content\/uploads\/2024\/10\/kak-sdelat-zajca-i-krolika-iz-kapusty-13-150x150.jpg 150w\" sizes=\"(max-width: 220px) 100vw, 220px\" \/><\/figure>\n<\/figure>\n","protected":false},"excerpt":{"rendered":"<p>Kop\u016bstai gali b\u016bti ne tik maistas, bet ir \u0161altinis juoko ir k\u016brybi\u0161kumo! Kiekvienas galime atrasti juoking\u0173 b\u016bd\u0173, kaip juos panaudoti, tad kod\u0117l gi ne? Svarbiausia \u2013 linksmintis ir nepamir\u0161ti, kad kop\u016bstai yra puiki proga pasijuokti!<\/p>\n","protected":false},"author":1,"featured_media":0,"parent":0,"menu_order":0,"comment_status":"closed","ping_status":"open","template":"","meta":{"footnotes":""},"class_list":["post-2","page","type-page","status-publish","hentry"],"_links":{"self":[{"href":"http:\/\/www.gimnazistai.jggimnazija.lt\/gim2\/wp-json\/wp\/v2\/pages\/2"}],"collection":[{"href":"http:\/\/www.gimnazistai.jggimnazija.lt\/gim2\/wp-json\/wp\/v2\/pages"}],"about":[{"href":"http:\/\/www.gimnazistai.jggimnazija.lt\/gim2\/wp-json\/wp\/v2\/types\/page"}],"author":[{"embeddable":true,"href":"http:\/\/www.gimnazistai.jggimnazija.lt\/gim2\/wp-json\/wp\/v2\/users\/1"}],"replies":[{"embeddable":true,"href":"http:\/\/www.gimnazistai.jggimnazija.lt\/gim2\/wp-json\/wp\/v2\/comments?post=2"}],"version-history":[{"count":5,"href":"http:\/\/www.gimnazistai.jggimnazija.lt\/gim2\/wp-json\/wp\/v2\/pages\/2\/revisions"}],"predecessor-version":[{"id":62,"href":"http:\/\/www.gimnazistai.jggimnazija.lt\/gim2\/wp-json\/wp\/v2\/pages\/2\/revisions\/62"}],"wp:attachment":[{"href":"http:\/\/www.gimnazistai.jggimnazija.lt\/gim2\/wp-json\/wp\/v2\/media?parent=2"}],"curies":[{"name":"wp","href":"https:\/\/api.w.org\/{rel}","templated":true}]}}