{"id":84,"date":"2024-10-18T11:25:41","date_gmt":"2024-10-18T11:25:41","guid":{"rendered":"http:\/\/www.gimnazistai.jggimnazija.lt\/gim1\/?page_id=84"},"modified":"2024-10-18T11:25:41","modified_gmt":"2024-10-18T11:25:41","slug":"musu-genialios-idejos","status":"publish","type":"page","link":"http:\/\/www.gimnazistai.jggimnazija.lt\/gim1\/apie-mus\/musu-genialios-idejos\/","title":{"rendered":"M\u016bs\u0173 genialios id\u0117jos"},"content":{"rendered":"","protected":false},"excerpt":{"rendered":"","protected":false},"author":1,"featured_media":0,"parent":67,"menu_order":0,"comment_status":"closed","ping_status":"closed","template":"","meta":{"footnotes":""},"class_list":["post-84","page","type-page","status-publish","hentry"],"_links":{"self":[{"href":"http:\/\/www.gimnazistai.jggimnazija.lt\/gim1\/wp-json\/wp\/v2\/pages\/84"}],"collection":[{"href":"http:\/\/www.gimnazistai.jggimnazija.lt\/gim1\/wp-json\/wp\/v2\/pages"}],"about":[{"href":"http:\/\/www.gimnazistai.jggimnazija.lt\/gim1\/wp-json\/wp\/v2\/types\/page"}],"author":[{"embeddable":true,"href":"http:\/\/www.gimnazistai.jggimnazija.lt\/gim1\/wp-json\/wp\/v2\/users\/1"}],"replies":[{"embeddable":true,"href":"http:\/\/www.gimnazistai.jggimnazija.lt\/gim1\/wp-json\/wp\/v2\/comments?post=84"}],"version-history":[{"count":1,"href":"http:\/\/www.gimnazistai.jggimnazija.lt\/gim1\/wp-json\/wp\/v2\/pages\/84\/revisions"}],"predecessor-version":[{"id":85,"href":"http:\/\/www.gimnazistai.jggimnazija.lt\/gim1\/wp-json\/wp\/v2\/pages\/84\/revisions\/85"}],"up":[{"embeddable":true,"href":"http:\/\/www.gimnazistai.jggimnazija.lt\/gim1\/wp-json\/wp\/v2\/pages\/67"}],"wp:attachment":[{"href":"http:\/\/www.gimnazistai.jggimnazija.lt\/gim1\/wp-json\/wp\/v2\/media?parent=84"}],"curies":[{"name":"wp","href":"https:\/\/api.w.org\/{rel}","templated":true}]}}