{"id":64,"date":"2024-10-17T17:44:57","date_gmt":"2024-10-17T17:44:57","guid":{"rendered":"http:\/\/www.gimnazistai.jggimnazija.lt\/gim1\/?page_id=64"},"modified":"2024-10-18T11:25:05","modified_gmt":"2024-10-18T11:25:05","slug":"filosofija","status":"publish","type":"page","link":"http:\/\/www.gimnazistai.jggimnazija.lt\/gim1\/apie-mus\/filosofija\/","title":{"rendered":"Filosofija"},"content":{"rendered":"\n<blockquote class=\"wp-block-quote is-layout-flow wp-block-quote-is-layout-flow\">\n<p>A\u0161 sakau, nes \u017einau, o \u017einau, nes \u017einau! &#8211; Panel\u0117 nuomon\u0117l\u0117<\/p>\n<\/blockquote>\n\n\n\n<p><\/p>\n","protected":false},"excerpt":{"rendered":"<p>A\u0161 sakau, nes \u017einau, o \u017einau, nes \u017einau! &#8211; Panel\u0117 nuomon\u0117l\u0117<\/p>\n","protected":false},"author":1,"featured_media":0,"parent":67,"menu_order":0,"comment_status":"closed","ping_status":"closed","template":"","meta":{"footnotes":""},"class_list":["post-64","page","type-page","status-publish","hentry"],"_links":{"self":[{"href":"http:\/\/www.gimnazistai.jggimnazija.lt\/gim1\/wp-json\/wp\/v2\/pages\/64"}],"collection":[{"href":"http:\/\/www.gimnazistai.jggimnazija.lt\/gim1\/wp-json\/wp\/v2\/pages"}],"about":[{"href":"http:\/\/www.gimnazistai.jggimnazija.lt\/gim1\/wp-json\/wp\/v2\/types\/page"}],"author":[{"embeddable":true,"href":"http:\/\/www.gimnazistai.jggimnazija.lt\/gim1\/wp-json\/wp\/v2\/users\/1"}],"replies":[{"embeddable":true,"href":"http:\/\/www.gimnazistai.jggimnazija.lt\/gim1\/wp-json\/wp\/v2\/comments?post=64"}],"version-history":[{"count":2,"href":"http:\/\/www.gimnazistai.jggimnazija.lt\/gim1\/wp-json\/wp\/v2\/pages\/64\/revisions"}],"predecessor-version":[{"id":83,"href":"http:\/\/www.gimnazistai.jggimnazija.lt\/gim1\/wp-json\/wp\/v2\/pages\/64\/revisions\/83"}],"up":[{"embeddable":true,"href":"http:\/\/www.gimnazistai.jggimnazija.lt\/gim1\/wp-json\/wp\/v2\/pages\/67"}],"wp:attachment":[{"href":"http:\/\/www.gimnazistai.jggimnazija.lt\/gim1\/wp-json\/wp\/v2\/media?parent=64"}],"curies":[{"name":"wp","href":"https:\/\/api.w.org\/{rel}","templated":true}]}}